{"id":1,"date":"2019-09-02T07:23:47","date_gmt":"2019-09-02T07:23:47","guid":{"rendered":"https:\/\/neturel.clicetcom.fr\/?p=1"},"modified":"2024-07-24T10:50:57","modified_gmt":"2024-07-24T10:50:57","slug":"home","status":"publish","type":"page","link":"https:\/\/neturel.clicetcom.fr\/","title":{"rendered":"Home"},"content":{"rendered":"<div>\n<p>        <img decoding=\"async\" src=\"\/wp-content\/uploads\/2024\/07\/image-header-net-urel.jpg\" alt=\"\"><\/p>\n<h1>LE NETTOYAGE <br \/> RESPONSABLE<\/h1>\n<\/div>\n<div>\n<p>        <img decoding=\"async\" src=\"\/wp-content\/uploads\/2024\/07\/icone-dives-header.svg\" alt=\"\"><\/p>\n<h3>02 31 91 47 88<\/h3>\n<div>\n<p>Dives-sur-Mer<\/p>\n<\/div>\n<\/div>\n<div>\n<p>        <img decoding=\"async\" src=\"\/wp-content\/uploads\/2024\/07\/icone-header.svg\" alt=\"\"><\/p>\n<h3>02 31 91 47 88<\/h3>\n<div>\n<p>Dives-sur-Mer<\/p>\n<\/div>\n<\/div>\n<div>\n<p>        <img decoding=\"async\" src=\"\/wp-content\/uploads\/2024\/07\/icone-cormelles-header.svg\" alt=\"\"><\/p>\n<h3>02 31 91 47 88<\/h3>\n<div>\n<p>Dives-sur-Mer<\/p>\n<\/div>\n<\/div>\n<h2><b>Nettoyage \u00e9co- responsable &amp; s\u00e9cure<\/b><\/h2>\n<div>\n<p>Bas\u00e9 \u00e0 dives-sur-mer et cormelles-le-royal, est sp\u00e9cialis\u00e9 dans le nettoyage responsable pour professionnels et particuliers. avec une \u00e9quipe de 70 experts, nous assurons des services de nettoyage \u00e9co-responsables et s\u00e9curis\u00e9s, m\u00eame dans les acc\u00e8s difficiles. notre engagement envers l\u2019environnement et la s\u00e9curit\u00e9 fait de nous un partenaire de confiance pour des espaces impeccables et sains.<\/p>\n<\/div>\n<h2><strong>Le coup de propre<\/strong><\/h2>\n<div>\n<p>Chez net\u2019urel, nous vous proposons des services de nettoyage adapt\u00e9s \u00e0 tous vos besoins. que ce soit pour vos bureaux, vitrine ou fa\u00e7ade, notre \u00e9quipe utilise des techniques et produits \u00e9coresponsables pour des espaces impeccables et sains.<\/p>\n<\/div>\n<ul>\n<li>\n<p><img decoding=\"async\" src=\"\/wp-content\/uploads\/2024\/07\/neturel-services-bureaux.jpg\" alt=\"\"><\/p>\n<h3>neturel-services-bureaux<\/h3>\n<\/li>\n<li>\n<p><img decoding=\"async\" src=\"\/wp-content\/uploads\/2024\/07\/neturel-services-vitrerie.jpg\" alt=\"\"><\/p>\n<h3>neturel-services-vitrerie<\/h3>\n<\/li>\n<li>\n<p><img decoding=\"async\" src=\"\/wp-content\/uploads\/2024\/07\/neturel-services-facade.jpg\" alt=\"\"><\/p>\n<h3>neturel-services-facade<\/h3>\n<\/li>\n<li>\n<p><img decoding=\"async\" src=\"\/wp-content\/uploads\/2024\/07\/neturel-services-chantier.jpg\" alt=\"\"><\/p>\n<h3>neturel-services-chantier<\/h3>\n<\/li>\n<li>\n<p><img decoding=\"async\" src=\"\/wp-content\/uploads\/2024\/07\/neturel-services-nettoyage-extreme.jpg\" alt=\"\"><\/p>\n<h3>neturel-services-nettoyage-extreme<\/h3>\n<\/li>\n<\/ul>\n<ul>\n<li>\n<p><img decoding=\"async\" src=\"\/wp-content\/uploads\/2024\/07\/logo-partenaire-neturel-bouygues.svg\" alt=\"\"><\/p>\n<h3>logo-partenaire-neturel-bouygues<\/h3>\n<\/li>\n<li>\n<p><img decoding=\"async\" src=\"\/wp-content\/uploads\/2024\/07\/logo-partenaire-neturel-bouygues.svg\" alt=\"\"><\/p>\n<h3>logo-partenaire-neturel-bouygues<\/h3>\n<\/li>\n<li>\n<p><img decoding=\"async\" src=\"\/wp-content\/uploads\/2024\/07\/logo-partenaire-neturel-bouygues.svg\" alt=\"\"><\/p>\n<h3>logo-partenaire-neturel-bouygues<\/h3>\n<\/li>\n<li>\n<p><img decoding=\"async\" src=\"\/wp-content\/uploads\/2024\/07\/logo-partenaire-neturel-bouygues.svg\" alt=\"\"><\/p>\n<h3>logo-partenaire-neturel-bouygues<\/h3>\n<\/li>\n<\/ul>\n<p><!--more--><br \/>\n<!-- {\"type\":\"layout\",\"children\":[{\"type\":\"section\",\"props\":{\"image_position\":\"center-center\",\"padding\":\"small\",\"padding_remove_top\":true,\"style\":\"default\",\"title_breakpoint\":\"xl\",\"title_position\":\"top-left\",\"title_rotation\":\"left\",\"vertical_align\":\"middle\",\"width\":\"\"},\"children\":[{\"type\":\"row\",\"children\":[{\"type\":\"column\",\"props\":{\"image_position\":\"center-center\",\"position_sticky_breakpoint\":\"m\"},\"children\":[{\"type\":\"overlay\",\"props\":{\"image\":\"wp-content\\\/uploads\\\/2024\\\/07\\\/image-header-net-urel.jpg\",\"link_style\":\"default\",\"link_text\":\"Read more\",\"margin\":\"default\",\"media_overlay\":\"rgba(5, 5, 5, 0.15)\",\"meta_align\":\"below-title\",\"meta_element\":\"div\",\"meta_style\":\"text-meta\",\"overlay_hover\":false,\"overlay_mode\":\"caption\",\"overlay_position\":\"center\",\"overlay_style\":\"\",\"overlay_transition\":\"fade\",\"text_align\":\"center\",\"text_color\":\"light\",\"title\":\"LE NETTOYAGE <br \/> RESPONSABLE\",\"title_element\":\"h1\",\"title_hover_style\":\"reset\",\"title_style\":\"heading-medium\"}}]}]},{\"type\":\"row\",\"props\":{\"column_gap\":\"collapse\",\"css\":\".el-row{\\n\\tposition:relative;\\n\\ttop:-115px;}\",\"layout\":\"1-3,1-3,1-3\",\"width\":\"large\"},\"children\":[{\"type\":\"column\",\"props\":{\"image_position\":\"center-center\",\"position_sticky_breakpoint\":\"m\",\"width_small\":\"1-3\"},\"children\":[{\"type\":\"panel\",\"props\":{\"content\":\"\n\n<p>Dives-sur-Mer<\\\/p>\",\"content_column_breakpoint\":\"m\",\"content_margin\":\"small\",\"height_expand\":false,\"icon_width\":80,\"image\":\"wp-content\\\/uploads\\\/2024\\\/07\\\/icone-dives-header.svg\",\"image_align\":\"left\",\"image_grid_breakpoint\":\"m\",\"image_grid_width\":\"auto\",\"image_svg_color\":\"emphasis\",\"image_vertical_align\":true,\"link_style\":\"default\",\"link_text\":\"Read more\",\"margin\":\"default\",\"meta_align\":\"below-title\",\"meta_element\":\"div\",\"meta_style\":\"text-meta\",\"panel_image_no_padding\":false,\"panel_padding\":\"default\",\"panel_style\":\"card-primary\",\"title\":\"02 31 91 47 88\",\"title_align\":\"top\",\"title_element\":\"h3\",\"title_grid_breakpoint\":\"m\",\"title_grid_width\":\"1-2\",\"title_hover_style\":\"reset\",\"title_margin\":\"small\"}}]},{\"type\":\"column\",\"props\":{\"image_position\":\"center-center\",\"position_sticky_breakpoint\":\"m\",\"width_small\":\"1-3\"},\"children\":[{\"type\":\"panel\",\"props\":{\"content\":\"\n\n<p>Dives-sur-Mer<\\\/p>\",\"content_column_breakpoint\":\"m\",\"content_margin\":\"small\",\"height_expand\":false,\"icon_width\":80,\"image\":\"wp-content\\\/uploads\\\/2024\\\/07\\\/icone-header.svg\",\"image_align\":\"left\",\"image_grid_breakpoint\":\"m\",\"image_grid_width\":\"auto\",\"image_svg_color\":\"emphasis\",\"image_vertical_align\":true,\"link_style\":\"default\",\"link_text\":\"Read more\",\"margin\":\"default\",\"meta_align\":\"below-title\",\"meta_element\":\"div\",\"meta_style\":\"text-meta\",\"panel_image_no_padding\":false,\"panel_padding\":\"default\",\"panel_style\":\"card-default\",\"title\":\"02 31 91 47 88\",\"title_align\":\"top\",\"title_element\":\"h3\",\"title_grid_breakpoint\":\"m\",\"title_grid_width\":\"1-2\",\"title_hover_style\":\"reset\",\"title_margin\":\"small\"}}]},{\"type\":\"column\",\"props\":{\"image_position\":\"center-center\",\"position_sticky_breakpoint\":\"m\",\"width_small\":\"1-3\"},\"children\":[{\"type\":\"panel\",\"props\":{\"content\":\"\n\n<p>Dives-sur-Mer<\\\/p>\",\"content_column_breakpoint\":\"m\",\"content_margin\":\"small\",\"height_expand\":false,\"icon_width\":80,\"image\":\"wp-content\\\/uploads\\\/2024\\\/07\\\/icone-cormelles-header.svg\",\"image_align\":\"left\",\"image_grid_breakpoint\":\"m\",\"image_grid_width\":\"auto\",\"image_svg_color\":\"emphasis\",\"image_vertical_align\":true,\"link_style\":\"default\",\"link_text\":\"Read more\",\"margin\":\"default\",\"meta_align\":\"below-title\",\"meta_element\":\"div\",\"meta_style\":\"text-meta\",\"panel_image_no_padding\":false,\"panel_padding\":\"default\",\"panel_style\":\"card-secondary\",\"title\":\"02 31 91 47 88\",\"title_align\":\"top\",\"title_element\":\"h3\",\"title_grid_breakpoint\":\"m\",\"title_grid_width\":\"1-2\",\"title_hover_style\":\"reset\",\"title_margin\":\"small\"}}]}]}]},{\"type\":\"section\",\"props\":{\"image_position\":\"center-center\",\"style\":\"default\",\"title_breakpoint\":\"xl\",\"title_position\":\"top-left\",\"title_rotation\":\"left\",\"vertical_align\":\"middle\",\"width\":\"default\"},\"children\":[{\"type\":\"row\",\"props\":{\"layout\":\"1-2,1-2\"},\"children\":[{\"type\":\"column\",\"props\":{\"image_position\":\"center-center\",\"position_sticky_breakpoint\":\"m\",\"width_medium\":\"1-2\"},\"children\":[{\"type\":\"image\",\"props\":{\"image_svg_color\":\"emphasis\",\"margin\":\"default\"}}]},{\"type\":\"column\",\"props\":{\"image_position\":\"center-center\",\"position_sticky_breakpoint\":\"m\",\"width_medium\":\"1-2\"},\"children\":[{\"type\":\"headline\",\"props\":{\"content\":\"<b>Nettoyage \\u00e9co- responsable &amp; s\\u00e9cure<\\\/b>\",\"title_element\":\"h2\"}},{\"type\":\"text\",\"props\":{\"column_breakpoint\":\"m\",\"content\":\"\n\n<p>Bas\\u00e9 \\u00e0 dives-sur-mer et cormelles-le-royal, est sp\\u00e9cialis\\u00e9 dans le nettoyage responsable pour professionnels et particuliers. avec une \\u00e9quipe de 70 experts, nous assurons des services de nettoyage \\u00e9co-responsables et s\\u00e9curis\\u00e9s, m\\u00eame dans les acc\\u00e8s difficiles. notre engagement envers l\\u2019environnement et la s\\u00e9curit\\u00e9 fait de nous un partenaire de confiance pour des espaces impeccables et sains.<\\\/p>\",\"margin\":\"default\",\"text_style\":\"large\"}}]}]}]},{\"type\":\"section\",\"props\":{\"image_position\":\"center-center\",\"style\":\"default\",\"title_breakpoint\":\"xl\",\"title_position\":\"top-left\",\"title_rotation\":\"left\",\"vertical_align\":\"middle\",\"width\":\"large\"},\"children\":[{\"type\":\"row\",\"children\":[{\"type\":\"column\",\"props\":{\"image_position\":\"center-center\",\"position_sticky_breakpoint\":\"m\"},\"children\":[{\"type\":\"headline\",\"props\":{\"content\":\"<strong>Le coup de propre<\\\/strong>\",\"text_align\":\"center\",\"title_element\":\"h2\"}},{\"type\":\"text\",\"props\":{\"block_align\":\"center\",\"column_breakpoint\":\"m\",\"content\":\"\n\n<p>Chez net\\u2019urel, nous vous proposons des services de nettoyage adapt\\u00e9s \\u00e0 tous vos besoins. que ce soit pour vos bureaux, vitrine ou fa\\u00e7ade, notre \\u00e9quipe utilise des techniques et produits \\u00e9coresponsables pour des espaces impeccables et sains.<\\\/p>\",\"margin\":\"default\",\"maxwidth\":\"2xlarge\",\"text_align\":\"center\"}}]}]},{\"type\":\"row\",\"children\":[{\"type\":\"column\",\"props\":{\"image_position\":\"center-center\",\"position_sticky_breakpoint\":\"m\"},\"children\":[{\"type\":\"grid\",\"props\":{\"content_column_breakpoint\":\"m\",\"filter_align\":\"left\",\"filter_all\":true,\"filter_grid_breakpoint\":\"m\",\"filter_grid_width\":\"auto\",\"filter_position\":\"top\",\"filter_style\":\"tab\",\"grid_column_align\":true,\"grid_default\":\"1\",\"grid_medium\":\"3\",\"icon_width\":80,\"image_align\":\"top\",\"image_grid_breakpoint\":\"m\",\"image_grid_width\":\"1-2\",\"image_svg_color\":\"emphasis\",\"item_animation\":true,\"link_style\":\"default\",\"link_text\":\"Read more\",\"margin\":\"default\",\"meta_align\":\"below-title\",\"meta_element\":\"div\",\"meta_style\":\"text-meta\",\"show_content\":true,\"show_image\":true,\"show_link\":true,\"show_meta\":true,\"show_title\":false,\"text_align\":\"center\",\"title_align\":\"top\",\"title_element\":\"h3\",\"title_grid_breakpoint\":\"m\",\"title_grid_width\":\"1-2\",\"title_hover_style\":\"reset\"},\"children\":[{\"type\":\"grid_item\",\"props\":{\"image\":\"wp-content\\\/uploads\\\/2024\\\/07\\\/neturel-services-bureaux.jpg\",\"title\":\"neturel-services-bureaux\"}},{\"type\":\"grid_item\",\"props\":{\"image\":\"wp-content\\\/uploads\\\/2024\\\/07\\\/neturel-services-vitrerie.jpg\",\"title\":\"neturel-services-vitrerie\"}},{\"type\":\"grid_item\",\"props\":{\"image\":\"wp-content\\\/uploads\\\/2024\\\/07\\\/neturel-services-facade.jpg\",\"title\":\"neturel-services-facade\"}},{\"type\":\"grid_item\",\"props\":{\"image\":\"wp-content\\\/uploads\\\/2024\\\/07\\\/neturel-services-chantier.jpg\",\"title\":\"neturel-services-chantier\"}},{\"type\":\"grid_item\",\"props\":{\"image\":\"wp-content\\\/uploads\\\/2024\\\/07\\\/neturel-services-nettoyage-extreme.jpg\",\"title\":\"neturel-services-nettoyage-extreme\"}}]}]}]}]},{\"type\":\"section\",\"props\":{\"image_position\":\"center-center\",\"padding\":\"small\",\"style\":\"muted\",\"title_breakpoint\":\"xl\",\"title_position\":\"top-left\",\"title_rotation\":\"left\",\"vertical_align\":\"middle\",\"width\":\"xlarge\"},\"children\":[{\"type\":\"row\",\"children\":[{\"type\":\"column\",\"props\":{\"image_position\":\"center-center\",\"position_sticky_breakpoint\":\"m\"},\"children\":[{\"type\":\"panel-slider\",\"props\":{\"content_column_breakpoint\":\"m\",\"icon_width\":80,\"image_align\":\"top\",\"image_grid_breakpoint\":\"m\",\"image_grid_width\":\"1-2\",\"image_svg_color\":\"emphasis\",\"link_style\":\"default\",\"link_text\":\"Read more\",\"margin\":\"default\",\"meta_align\":\"below-title\",\"meta_element\":\"div\",\"meta_style\":\"text-meta\",\"nav\":\"dotnav\",\"nav_align\":\"center\",\"nav_breakpoint\":\"s\",\"panel_match\":true,\"show_content\":true,\"show_image\":true,\"show_link\":true,\"show_meta\":true,\"show_title\":false,\"slidenav\":\"outside\",\"slidenav_breakpoint\":\"xl\",\"slidenav_margin\":\"medium\",\"slidenav_outside_breakpoint\":\"xl\",\"slider_autoplay_pause\":true,\"slider_gap\":\"default\",\"slider_width\":\"fixed\",\"slider_width_default\":\"1-1\",\"slider_width_medium\":\"1-4\",\"title_align\":\"top\",\"title_element\":\"h3\",\"title_grid_breakpoint\":\"m\",\"title_grid_width\":\"1-2\",\"title_hover_style\":\"reset\"},\"children\":[{\"type\":\"panel-slider_item\",\"props\":{\"image\":\"wp-content\\\/uploads\\\/2024\\\/07\\\/logo-partenaire-neturel-bouygues.svg\",\"title\":\"logo-partenaire-neturel-bouygues\"}},{\"type\":\"panel-slider_item\",\"props\":{\"image\":\"wp-content\\\/uploads\\\/2024\\\/07\\\/logo-partenaire-neturel-bouygues.svg\",\"title\":\"logo-partenaire-neturel-bouygues\"}},{\"type\":\"panel-slider_item\",\"props\":{\"image\":\"wp-content\\\/uploads\\\/2024\\\/07\\\/logo-partenaire-neturel-bouygues.svg\",\"title\":\"logo-partenaire-neturel-bouygues\"}},{\"type\":\"panel-slider_item\",\"props\":{\"image\":\"wp-content\\\/uploads\\\/2024\\\/07\\\/logo-partenaire-neturel-bouygues.svg\",\"title\":\"logo-partenaire-neturel-bouygues\"}}]}]}]}]},{\"type\":\"section\",\"props\":{\"image_position\":\"center-center\",\"style\":\"default\",\"title_breakpoint\":\"xl\",\"title_position\":\"top-left\",\"title_rotation\":\"left\",\"vertical_align\":\"middle\",\"width\":\"default\"},\"children\":[{\"type\":\"row\",\"children\":[{\"type\":\"column\",\"props\":{\"image_position\":\"center-center\",\"position_sticky_breakpoint\":\"m\"}}]}]}],\"version\":\"4.4.5\"} --><\/p>\n","protected":false},"excerpt":{"rendered":"<p>LE NETTOYAGE RESPONSABLE 02 31 91 47 88 Dives-sur-Mer 02 31 91 47 88 Dives-sur-Mer 02 31 91 47 88 Dives-sur-Mer Nettoyage \u00e9co- responsable &amp; s\u00e9cure Bas\u00e9 \u00e0 dives-sur-mer et cormelles-le-royal, est sp\u00e9cialis\u00e9 dans le nettoyage responsable pour professionnels et particuliers. avec une \u00e9quipe de 70 experts, nous assurons des services de nettoyage \u00e9co-responsables et [&hellip;]<\/p>\n","protected":false},"author":1,"featured_media":0,"parent":0,"menu_order":8,"comment_status":"open","ping_status":"open","template":"","meta":{"_acf_changed":false,"footnotes":""},"class_list":["post-1","page","type-page","status-publish","hentry"],"acf":[],"_links":{"self":[{"href":"https:\/\/neturel.clicetcom.fr\/index.php?rest_route=\/wp\/v2\/pages\/1","targetHints":{"allow":["GET"]}}],"collection":[{"href":"https:\/\/neturel.clicetcom.fr\/index.php?rest_route=\/wp\/v2\/pages"}],"about":[{"href":"https:\/\/neturel.clicetcom.fr\/index.php?rest_route=\/wp\/v2\/types\/page"}],"author":[{"embeddable":true,"href":"https:\/\/neturel.clicetcom.fr\/index.php?rest_route=\/wp\/v2\/users\/1"}],"replies":[{"embeddable":true,"href":"https:\/\/neturel.clicetcom.fr\/index.php?rest_route=%2Fwp%2Fv2%2Fcomments&post=1"}],"version-history":[{"count":51,"href":"https:\/\/neturel.clicetcom.fr\/index.php?rest_route=\/wp\/v2\/pages\/1\/revisions"}],"predecessor-version":[{"id":1198,"href":"https:\/\/neturel.clicetcom.fr\/index.php?rest_route=\/wp\/v2\/pages\/1\/revisions\/1198"}],"wp:attachment":[{"href":"https:\/\/neturel.clicetcom.fr\/index.php?rest_route=%2Fwp%2Fv2%2Fmedia&parent=1"}],"curies":[{"name":"wp","href":"https:\/\/api.w.org\/{rel}","templated":true}]}}